{"id":35,"date":"2024-01-22T19:05:17","date_gmt":"2024-01-22T19:05:17","guid":{"rendered":"https:\/\/44skippers.com\/?page_id=35"},"modified":"2025-04-09T17:44:57","modified_gmt":"2025-04-09T16:44:57","slug":"about","status":"publish","type":"page","link":"https:\/\/44skippers.com\/pt\/about\/","title":{"rendered":"Sobre N\u00f3s"},"content":{"rendered":"Reserve agora e utilize o cup\u00e3o de <strong>10%<\/strong> de desconto com o c\u00f3digo<strong data-start=\"57\" data-end=\"124\"> #44SKIPPERS<\/strong>\n<h2>\n\t\t\tABOUT US\t<\/h2>\n<h2>\n\t\t\tO NOSSO PROP\u00d3SITO \u00c9 GUI\u00c1-LO PELO MUNDO N\u00c1UTICO\t<\/h2>\n\t<p>Founded in 2024 by a group of four skippers, passionate about the sea and nautical activities, 44 Skippers is dedicated to the rental of leisure boats in the Sado Estuary, Arr\u00e1bida, Tr\u00f3ia and Comporta.<\/p>\n<p>Dispondo de embarca\u00e7\u00f5es pr\u00f3prias e de skippers e marinheiros experientes propomo-nos partilhar com os nossos clientes o conhecimento da costa portuguesa nas \u00e1reas em que estamos baseados.<\/p>\n<h2>\n\t\t\tEXPLORING\t<\/h2>\n<h2>\n\t\t\tALUGUER N\u00c1UTICO DE LUXO\t<\/h2>\n\t<p>Seja para uma ocasi\u00e3o \u00fanica ou para uso regular por quem n\u00e3o deseja fazer o investimento numa embarca\u00e7\u00e3o, a nossa empresa fornece n\u00e3o s\u00f3 a embarca\u00e7\u00e3o tripulada, mas tamb\u00e9m a pacotes com rota, paragens pr\u00e9-definidos, sugest\u00f5es de restaurantes e desportos n\u00e1uticos.<\/p>\n<p>A 44Skippers existe para colmatar o d\u00e9fice em oferta de aluguer de embarca\u00e7\u00f5es tripuladas, proporcionando aos seus clientes uma experi\u00eancia \u00fanica no mar.<\/p>\n<h2>\n\t\t\tEXPERIENCE\t<\/h2>\n<h2>\n\t\t\tNAVEGA\u00c7\u00c3O PREMIUM\t<\/h2>\n\t<p>Sendo uma empresa recente temos a ambi\u00e7\u00e3o de alargar a nossa oferta para al\u00e9m das embarca\u00e7\u00f5es a motor para todas as atividades n\u00e1uticas que se podem realizar na costa portuguesa.<\/p>\n<p>As atividades n\u00e1uticas comportam risco pelo que SEGURAN\u00c7A \u00e9 a nossa prioridade m\u00e1xima.<\/p>\n<p>O respeito pelo meio ambiente assim como pelos outros navegantes \u00e9 tamb\u00e9m um dos nossos valores.<\/p>\n\t\t\t<a href=\"https:\/\/44skippers.com\/pt\/book\/\" target=\"_self\">\n\t\t\t\t\t\t\tRESERVAS\n\t\t\t\t\t<\/a>","protected":false},"excerpt":{"rendered":"<p>Book now and use the 10% discount voucher with code #44SKIPPERS ABOUT US OUR PURPOSE IS TO ASSIST YOU IN MARINE LIFE Founded in 2024 by a group of four skippers, passionate about the sea and nautical activities, 44 Skippers is dedicated to the rental of leisure boats in the Sado Estuary, Arr\u00e1bida, Tr\u00f3ia and&hellip;<\/p>","protected":false},"author":1,"featured_media":0,"parent":0,"menu_order":0,"comment_status":"closed","ping_status":"closed","template":"","meta":{"footnotes":""},"class_list":["post-35","page","type-page","status-publish","hentry"],"_links":{"self":[{"href":"https:\/\/44skippers.com\/pt\/wp-json\/wp\/v2\/pages\/35","targetHints":{"allow":["GET"]}}],"collection":[{"href":"https:\/\/44skippers.com\/pt\/wp-json\/wp\/v2\/pages"}],"about":[{"href":"https:\/\/44skippers.com\/pt\/wp-json\/wp\/v2\/types\/page"}],"author":[{"embeddable":true,"href":"https:\/\/44skippers.com\/pt\/wp-json\/wp\/v2\/users\/1"}],"replies":[{"embeddable":true,"href":"https:\/\/44skippers.com\/pt\/wp-json\/wp\/v2\/comments?post=35"}],"version-history":[{"count":1,"href":"https:\/\/44skippers.com\/pt\/wp-json\/wp\/v2\/pages\/35\/revisions"}],"predecessor-version":[{"id":1088,"href":"https:\/\/44skippers.com\/pt\/wp-json\/wp\/v2\/pages\/35\/revisions\/1088"}],"wp:attachment":[{"href":"https:\/\/44skippers.com\/pt\/wp-json\/wp\/v2\/media?parent=35"}],"curies":[{"name":"wp","href":"https:\/\/api.w.org\/{rel}","templated":true}]}}