{"id":27,"date":"2024-01-22T18:50:05","date_gmt":"2024-01-22T18:50:05","guid":{"rendered":"https:\/\/44skippers.com\/?page_id=27"},"modified":"2025-05-23T18:09:34","modified_gmt":"2025-05-23T17:09:34","slug":"inicio","status":"publish","type":"page","link":"https:\/\/44skippers.com\/pt\/","title":{"rendered":"In\u00edcio"},"content":{"rendered":"<p>Embarque connosco numa odisseia mar\u00edtima, onde cada onda revela um tesouro de Tr\u00f3ia, Sesimbra e Comporta.<\/p>\n\t\t\t<a href=\"https:\/\/44skippers.com\/pt\/book\/\" target=\"_self\">\n\t\t\t\t\t\t\tReserve Agora\n\t\t\t\t\t<\/a>\n\tReserve agora e utilize o cup\u00e3o de <strong>10%<\/strong> de desconto com o c\u00f3digo<strong data-start=\"57\" data-end=\"124\"> #44SKIPPERS<\/strong>\n<h1>\n\t\t\t44 SKIPPERS\t<\/h1>\n<h2>\n\t\t\tEmbarque numa Viagem Inesquec\u00edvel!\t<\/h2>\n\t<p>Especialistas no aluguer de embarca\u00e7\u00f5es de recreio, contamos com uma equipa de skippers experientes que garantem uma experi\u00eancia mar\u00edtima cheia de descobertas e aventuras com seguran\u00e7a. Cada viagem \u00e9 cuidadosamente planeada para explorar as belezas naturais destas regi\u00f5es, oferecendo passeios personalizados que destacam o melhor da gastronomia local e das atividades n\u00e1uticas.<\/p>\n<p>Desfrute de paisagens deslumbrantes, \u00e1guas cristalinas e momentos de pura emo\u00e7\u00e3o. Transforme um simples passeio de barco numa experi\u00eancia extraordin\u00e1ria, recheada de aventura e beleza.<\/p>\n\t\t\t\t\t\t\t<img loading=\"lazy\" decoding=\"async\" src=\"https:\/\/44skippers.com\/wp-content\/uploads\/2025\/03\/Ativo-1.png\" alt=\"Ativo 1\" width=\"200\" height=\"208\" \/>\n\t\t\t\t\t\t<h4>Escapada Matinal ou Escapada ao Fim do Dia<\/h4>\t\t\t\t\t\n\t\t\t<p>Dura\u00e7\u00e3o: 3 horas<br \/>Schedule: 10:00 &#8211; 13:00 or 16:00 &#8211; 19:00<br \/>M\u00e1ximo de Participantes: at\u00e9 10 pessoas<br \/>Pre\u00e7o: Desde 550 EUR<\/p>\t\t\n\t\t\t\t\t\t\t<img loading=\"lazy\" decoding=\"async\" src=\"https:\/\/44skippers.com\/wp-content\/uploads\/2025\/03\/Ativo-2.png\" alt=\"Ativo 2\" width=\"200\" height=\"208\" \/>\n\t\t\t\t\t\t<h4>Experi\u00eancia de Dia Inteiro<\/h4>\t\t\t\t\t\n\t\t\t<p>Dura\u00e7\u00e3o: 8 horas<br \/>Schedule: 10:00 &#8211; 18:00<br \/>M\u00e1ximo de Participantes: at\u00e9 10 pessoas<br \/>Pre\u00e7o: Desde 900 EUR<\/p>\t\t\n\t\t\t<a href=\"https:\/\/44skippers.com\/pt\/book\/\" target=\"_self\">\n\t\t\t\t\t\t\tDescubra as maravilhas de Portugal connosco!\n\t\t\t\t\t<\/a>\n\t<p>Com a 44 Skippers, voc\u00ea embarca onde a seguran\u00e7a e a divers\u00e3o se encontram, criando mem\u00f3rias que durar\u00e3o para sempre. Aventure-se por mares nunca antes navegados e deixe-se surpreender a cada onda!<\/p>\n<h2>\n\t\t\tNavegue com Luxo a bordo do Rand Leisure 28: Eleg\u00e2ncia Escandinava, Sustentabilidade e Desempenho\t<\/h2>\n\t<p>Desfrute do luxo incompar\u00e1vel a bordo do novo <b>Rand Leisure 28<\/b>, a sleek and sophisticated vessel designed for those who crave adventure without compromising on comfort. With its cutting-edge design, spacious deck, and powerful performance, the Rand Leisure 28 offers an unforgettable boating experience. Whether you&#8217;re cruising along the stunning Portuguese coastline or anchoring in hidden coves, this boat promises smooth sailing, exceptional style, and the freedom to explore at your own pace. <\/p>\n<h2>\n\t\t\tNavegue com Eleg\u00e2ncia e Conforto a bordo do Cobalt 242: Onde Luxo e Mar se Encontram.\t<\/h2>\n\t<p>Esta embarca\u00e7\u00e3o \u00e9 sin\u00f4nimo de sofistica\u00e7\u00e3o, com interiores espa\u00e7osos e acabamentos de alta qualidade, garantindo viagens suaves e est\u00e1veis. Equipado com tecnologia avan\u00e7ada e um design que prioriza a seguran\u00e7a, o <b>Cobalt 242<\/b> oferece uma experi\u00eancia n\u00e1utica superior, caracterizada por motores potentes e um sistema de som de alta fidelidade, proporcionando momentos inesquec\u00edveis no mar.<\/p>\n<h2>\n\t\t\tEXPERIENCE\t<\/h2>\n<h2>\n\t\t\tReserve o Seu Passeio Hoje!\t<\/h2>\n<h2>\n\t\t\tDescubra as nossas Ofertas Exclusivas\t<\/h2>\n\t\t\t<a href=\"https:\/\/44skippers.com\/pt\/book\/\" target=\"_self\">\n\t\t\t\t\t\t\tReserve Agora\n\t\t\t\t\t<\/a>","protected":false},"excerpt":{"rendered":"<p>Embark with us on a sea odyssey, where each wave unveils a treasure of Tr\u00f3ia, Sesimbra, and Comporta Book Now Book now and use the 10% discount voucher with code #44SKIPPERS 44 SKIPPERS Embark on an Unforgettable Journey! Specialists in leisure boat rentals, we provide expert skippers who ensure a safe and adventure-filled maritime experience.&hellip;<\/p>","protected":false},"author":1,"featured_media":0,"parent":0,"menu_order":0,"comment_status":"closed","ping_status":"closed","template":"","meta":{"footnotes":""},"class_list":["post-27","page","type-page","status-publish","hentry"],"_links":{"self":[{"href":"https:\/\/44skippers.com\/pt\/wp-json\/wp\/v2\/pages\/27","targetHints":{"allow":["GET"]}}],"collection":[{"href":"https:\/\/44skippers.com\/pt\/wp-json\/wp\/v2\/pages"}],"about":[{"href":"https:\/\/44skippers.com\/pt\/wp-json\/wp\/v2\/types\/page"}],"author":[{"embeddable":true,"href":"https:\/\/44skippers.com\/pt\/wp-json\/wp\/v2\/users\/1"}],"replies":[{"embeddable":true,"href":"https:\/\/44skippers.com\/pt\/wp-json\/wp\/v2\/comments?post=27"}],"version-history":[{"count":13,"href":"https:\/\/44skippers.com\/pt\/wp-json\/wp\/v2\/pages\/27\/revisions"}],"predecessor-version":[{"id":1141,"href":"https:\/\/44skippers.com\/pt\/wp-json\/wp\/v2\/pages\/27\/revisions\/1141"}],"wp:attachment":[{"href":"https:\/\/44skippers.com\/pt\/wp-json\/wp\/v2\/media?parent=27"}],"curies":[{"name":"wp","href":"https:\/\/api.w.org\/{rel}","templated":true}]}}