{"id":219,"date":"2024-03-01T17:16:58","date_gmt":"2024-03-01T17:16:58","guid":{"rendered":"https:\/\/44skippers.com\/?page_id=219"},"modified":"2025-03-24T11:56:01","modified_gmt":"2025-03-24T11:56:01","slug":"cookie-policy","status":"publish","type":"page","link":"https:\/\/44skippers.com\/pt\/cookie-policy\/","title":{"rendered":"Politica de Cookies"},"content":{"rendered":"This Cookie Policy explains how 44 Skippers LDA (&#8220;we&#8221;, &#8220;us&#8221;, &#8220;our&#8221;) uses cookies and similar technologies on our website https:\/\/44skippers.com. By using our site, you consent to the use of cookies in accordance with this policy, unless you disable them in your browser settings.\n<hr data-start=\"532\" data-end=\"535\" \/>\n1. O que s\u00e3o Cookies?\n<p>Cookies s\u00e3o pequenos ficheiros de texto armazenados no seu dispositivo (computador, tablet ou smartphone) quando visita um website. Permitem ao site reconhecer o seu dispositivo e guardar determinadas informa\u00e7\u00f5es sobre as suas prefer\u00eancias ou a\u00e7\u00f5es anteriores.<\/p>\n<hr data-start=\"799\" data-end=\"802\" \/>\n2. Que Tipos de Cookies Utilizamos\n<ul data-start=\"846\" data-end=\"1661\">\n<li data-start=\"846\" data-end=\"1061\">\nCookies Estritamente Necess\u00e1rios<br data-start=\"878\" data-end=\"881\" \/>S\u00e3o essenciais para o funcionamento adequado do website. Permitem a navega\u00e7\u00e3o e utiliza\u00e7\u00e3o de funcionalidades, como fazer uma reserva ou aceder \u00e0 sua conta.\n<\/li>\n<li data-start=\"1063\" data-end=\"1304\">\nCookies de Desempenho (Anal\u00edticos)<br data-start=\"1101\" data-end=\"1104\" \/>Ajudam-nos a compreender como os visitantes interagem com o site, para que possamos melhorar o desempenho e a experi\u00eancia do utilizador. Por exemplo, podemos utilizar o Google Analytics para recolher estat\u00edsticas an\u00f3nimas.\n<\/li>\n<li data-start=\"1306\" data-end=\"1460\">\nCookies de Funcionalidade<br data-start=\"1333\" data-end=\"1336\" \/>Guardam as suas prefer\u00eancias (como idioma ou dados de login) para proporcionar uma experi\u00eancia mais personalizada.\n<\/li>\n<li data-start=\"1462\" data-end=\"1661\">\nCookies de Marketing \/ Terceiros<br data-start=\"1497\" data-end=\"1500\" \/>Podem ser definidos por servi\u00e7os de terceiros (como redes sociais ou plataformas de pagamento) e s\u00e3o utilizados para fins de marketing ou para incorporar conte\u00fados.\n<\/li>\n<\/ul>\n<hr data-start=\"1663\" data-end=\"1666\" \/>\n3. Dura\u00e7\u00e3o dos Cookies\n<p>Alguns cookies s\u00e3o de sess\u00e3o (s\u00e3o eliminados ao fechar o navegador), enquanto outros s\u00e3o persistentes (permanecem no dispositivo durante um per\u00edodo determinado ou at\u00e9 serem apagados manualmente).<\/p>\n<hr data-start=\"1888\" data-end=\"1891\" \/>\n4. Como Gerir Cookies\n<p>Pode gerir ou desativar os cookies a qualquer momento nas defini\u00e7\u00f5es do seu navegador. No entanto, note que a desativa\u00e7\u00e3o de certos cookies pode afetar o funcionamento do website.<\/p>\n<p>Para saber como gerir cookies no seu navegador, consulte a ajuda do navegador ou visite:<\/p>\n<ul data-start=\"2186\" data-end=\"2311\">\n<li data-start=\"2186\" data-end=\"2248\">\n<a href=\"\/pt\/www.allaboutcookies.org\/\" target=\"_new\" rel=\"noopener\" data-start=\"2188\" data-end=\"2246\">www.allaboutcookies.org<\/a>\n<\/li>\n<li data-start=\"2249\" data-end=\"2311\">\n<a href=\"\/pt\/www.youronlinechoices.eu\/\" target=\"_new\" rel=\"noopener\" data-start=\"2251\" data-end=\"2311\">www.youronlinechoices.eu<\/a>\n<\/li>\n<\/ul>\n<hr data-start=\"2313\" data-end=\"2316\" \/>\n5. Altera\u00e7\u00f5es a Esta Pol\u00edtica\n<p>Podemos atualizar esta Pol\u00edtica de Cookies periodicamente. Quaisquer altera\u00e7\u00f5es ser\u00e3o publicadas nesta p\u00e1gina e entram em vigor imediatamente ap\u00f3s a sua publica\u00e7\u00e3o.<\/p>\n<hr data-start=\"2495\" data-end=\"2498\" \/>\n6. Contactos\n<p>Se tiver alguma d\u00favida sobre o uso de cookies, entre em contacto connosco:<\/p>\n<p>44 Skippers LDA<br data-start=\"2611\" data-end=\"2614\" \/>Rua 25 de Abril, 125, 1st Floor<br data-start=\"2645\" data-end=\"2648\" \/>2820-492 Charneca da Caparica, Portugal<br data-start=\"2687\" data-end=\"2690\" \/>Email: <a rel=\"noopener\" data-start=\"2699\" data-end=\"2718\">info@44skippers.com<\/a><br data-start=\"2720\" data-end=\"2723\" \/>Telefone: +351 962 393 365<\/p>","protected":false},"excerpt":{"rendered":"<p>This Cookie Policy explains how 44 Skippers LDA (&#8220;we&#8221;, &#8220;us&#8221;, &#8220;our&#8221;) uses cookies and similar technologies on our website https:\/\/44skippers.com. By using our site, you consent to the use of cookies in accordance with this policy, unless you disable them in your browser settings. 1. What Are Cookies? Cookies are small text files stored on&hellip;<\/p>","protected":false},"author":1,"featured_media":0,"parent":0,"menu_order":0,"comment_status":"closed","ping_status":"closed","template":"","meta":{"footnotes":""},"class_list":["post-219","page","type-page","status-publish","hentry"],"_links":{"self":[{"href":"https:\/\/44skippers.com\/pt\/wp-json\/wp\/v2\/pages\/219","targetHints":{"allow":["GET"]}}],"collection":[{"href":"https:\/\/44skippers.com\/pt\/wp-json\/wp\/v2\/pages"}],"about":[{"href":"https:\/\/44skippers.com\/pt\/wp-json\/wp\/v2\/types\/page"}],"author":[{"embeddable":true,"href":"https:\/\/44skippers.com\/pt\/wp-json\/wp\/v2\/users\/1"}],"replies":[{"embeddable":true,"href":"https:\/\/44skippers.com\/pt\/wp-json\/wp\/v2\/comments?post=219"}],"version-history":[{"count":0,"href":"https:\/\/44skippers.com\/pt\/wp-json\/wp\/v2\/pages\/219\/revisions"}],"wp:attachment":[{"href":"https:\/\/44skippers.com\/pt\/wp-json\/wp\/v2\/media?parent=219"}],"curies":[{"name":"wp","href":"https:\/\/api.w.org\/{rel}","templated":true}]}}