{"id":204,"date":"2024-03-01T16:55:20","date_gmt":"2024-03-01T16:55:20","guid":{"rendered":"https:\/\/44skippers.com\/?page_id=204"},"modified":"2024-03-01T17:22:15","modified_gmt":"2024-03-01T17:22:15","slug":"livro-de-reclamacoes-online","status":"publish","type":"page","link":"https:\/\/44skippers.com\/pt\/livro-de-reclamacoes-online\/","title":{"rendered":"Livro de Reclama\u00e7\u00f5es Online"},"content":{"rendered":"<p>Disponibilizamos de acordo com a lei em vigor, as liga\u00e7\u00f5es \u00e0s respectivas institui\u00e7\u00f5es oficiais:<\/p>\n<p><a href=\"https:\/\/www.livroreclamacoes.pt\/\" target=\"_blank\" rel=\"noopener\"><img loading=\"lazy\" decoding=\"async\" src=\"https:\/\/44skippers.com\/wp-content\/uploads\/2024\/03\/livrodereclamacoes-600x244-1-400x163.png\" alt=\"\" width=\"200\" height=\"81\" \/><\/a><\/p>\n<p>Por vezes as coisas n\u00e3o correm da melhor forma ou pelo menos n\u00e3o da forma como gostar\u00edamos&#8230;<\/p>\n<p>Como tal, pedimos que nos d\u00ea uma oportunidade para resolvermos o seu problema da forma mais simples e r\u00e1pida poss\u00edvel. Por favor contacte-nos atrav\u00e9s dos canais de comunica\u00e7\u00e3o da p\u00e1gina de <a href=\"https:\/\/44skippers.com\/pt\/contatos\/\">Contactos<\/a>, poder\u00e1 tamb\u00e9m preencher o formul\u00e1rio da mesma p\u00e1gina expondo a sua reclama\u00e7\u00e3o que no prazo de 48 horas entraremos em contacto com a melhor resolu\u00e7\u00e3o poss\u00edvel.<\/p>","protected":false},"excerpt":{"rendered":"<p>Disponibilizamos de acordo com a lei em vigor, as liga\u00e7\u00f5es \u00e0s respectivas institui\u00e7\u00f5es oficiais: Por vezes as coisas n\u00e3o correm da melhor forma ou pelo menos n\u00e3o da forma como gostar\u00edamos&#8230; Como tal, pedimos que nos d\u00ea uma oportunidade para resolvermos o seu problema da forma mais simples e r\u00e1pida poss\u00edvel. Por favor contacte-nos atrav\u00e9s&hellip;<\/p>","protected":false},"author":1,"featured_media":0,"parent":0,"menu_order":0,"comment_status":"closed","ping_status":"closed","template":"","meta":{"footnotes":""},"class_list":["post-204","page","type-page","status-publish","hentry"],"_links":{"self":[{"href":"https:\/\/44skippers.com\/pt\/wp-json\/wp\/v2\/pages\/204","targetHints":{"allow":["GET"]}}],"collection":[{"href":"https:\/\/44skippers.com\/pt\/wp-json\/wp\/v2\/pages"}],"about":[{"href":"https:\/\/44skippers.com\/pt\/wp-json\/wp\/v2\/types\/page"}],"author":[{"embeddable":true,"href":"https:\/\/44skippers.com\/pt\/wp-json\/wp\/v2\/users\/1"}],"replies":[{"embeddable":true,"href":"https:\/\/44skippers.com\/pt\/wp-json\/wp\/v2\/comments?post=204"}],"version-history":[{"count":0,"href":"https:\/\/44skippers.com\/pt\/wp-json\/wp\/v2\/pages\/204\/revisions"}],"wp:attachment":[{"href":"https:\/\/44skippers.com\/pt\/wp-json\/wp\/v2\/media?parent=204"}],"curies":[{"name":"wp","href":"https:\/\/api.w.org\/{rel}","templated":true}]}}